{"id":4445,"date":"2023-09-05T12:09:50","date_gmt":"2023-09-05T10:09:50","guid":{"rendered":"https:\/\/sonacier.com\/?post_type=product&#038;p=4445"},"modified":"2023-09-05T12:09:50","modified_gmt":"2023-09-05T10:09:50","slug":"cnc-plasma-maroc","status":"publish","type":"product","link":"https:\/\/sonacier.com\/index.php\/product\/cnc-plasma-maroc\/","title":{"rendered":"cnc plasma maroc"},"content":{"rendered":"<div class=\"attribute-item\">\n<div class=\"left\" data-spm-anchor-id=\"a2700.wholesale.0.i71.191430cfoQcUZW\">\n<div class=\"J_module\">\n<div id=\"ali-anchor-AliMagic-fxziuz\" class=\"magic-0\" data-section=\"AliMagic-fxziuz\" data-section-title=\"Product Description\" data-spm-anchor-id=\"a2700.wholesale.0.i72.191430cfoQcUZW\"><b style=\"font-style: inherit;\">1325 1530 63A 100A 120A 160A 200A d\u00e9coupeuse de plasma de commande num\u00e9rique par ordinateur en m\u00e9tal en acier\/machine portative de coupeur de plasma\/1325 cnc plasma<\/b><\/div>\n<\/div>\n<div class=\"J_module\">\n<div class=\"icbu-pc-detailManyImage magic-7\">\n<div class=\"magic-8\"><img decoding=\"async\" class=\"magic-9\" src=\"https:\/\/sc04.alicdn.com\/kf\/Hecba0455721141d58c38d5942a02edb2G\/235076741\/Hecba0455721141d58c38d5942a02edb2G.jpg\" data-src=\"\/\/sc04.alicdn.com\/kf\/Hecba0455721141d58c38d5942a02edb2G\/235076741\/Hecba0455721141d58c38d5942a02edb2G.jpg\" \/><\/div>\n<div class=\"magic-8\"><img decoding=\"async\" class=\"magic-9\" src=\"https:\/\/sc04.alicdn.com\/kf\/H7eb3b9163d184f1aa5a68ebfa70a09a7r\/235076741\/H7eb3b9163d184f1aa5a68ebfa70a09a7r.jpg\" data-src=\"\/\/sc04.alicdn.com\/kf\/H7eb3b9163d184f1aa5a68ebfa70a09a7r\/235076741\/H7eb3b9163d184f1aa5a68ebfa70a09a7r.jpg\" \/><\/div>\n<div class=\"magic-8\"><img decoding=\"async\" class=\"magic-9\" src=\"https:\/\/sc04.alicdn.com\/kf\/Hf65c7c2675a940e58599470f36e9db3eF\/235076741\/Hf65c7c2675a940e58599470f36e9db3eF.jpg\" data-src=\"\/\/sc04.alicdn.com\/kf\/Hf65c7c2675a940e58599470f36e9db3eF\/235076741\/Hf65c7c2675a940e58599470f36e9db3eF.jpg\" \/><\/div>\n<\/div>\n<\/div>\n<div class=\"J_module\">\n<div id=\"ali-anchor-AliMagic-3ip5ij\" class=\"magic-0\" data-section=\"AliMagic-3ip5ij\" data-section-title=\"Specification\">Sp\u00e9cification<\/div>\n<\/div>\n<div class=\"J_module\">\n<div class=\"ife-detail-decorate-table\">\n<table class=\"has-title all magic-10\">\n<tbody>\n<tr>\n<td colspan=\"1\" rowspan=\"1\">\n<div class=\"magic-11\">Source de Plasma<\/div>\n<\/td>\n<td colspan=\"1\" rowspan=\"1\">\n<div class=\"magic-12\">63A\/100A\/120A\/160A\/200A<\/div>\n<\/td>\n<\/tr>\n<tr>\n<td colspan=\"1\" rowspan=\"1\">\n<div class=\"magic-11\">Table<\/div>\n<\/td>\n<td colspan=\"1\" rowspan=\"1\">\n<div class=\"magic-12\">Sawtoth\/Lame<\/div>\n<\/td>\n<\/tr>\n<tr>\n<td colspan=\"1\" rowspan=\"1\">\n<div class=\"magic-11\">Logiciel<\/div>\n<\/td>\n<td colspan=\"1\" rowspan=\"1\">\n<div class=\"magic-12\">Fastcam<\/div>\n<\/td>\n<\/tr>\n<tr>\n<td colspan=\"1\" rowspan=\"1\">\n<div class=\"magic-11\">Syst\u00e8me de contr\u00f4le<\/div>\n<\/td>\n<td colspan=\"1\" rowspan=\"1\">\n<div class=\"magic-12\">Starfire syst\u00e8me de contr\u00f4le<\/div>\n<\/td>\n<\/tr>\n<tr>\n<td colspan=\"1\" rowspan=\"1\">\n<div class=\"magic-11\">Rail de guidage<\/div>\n<\/td>\n<td colspan=\"1\" rowspan=\"1\">\n<div class=\"magic-12\">Axe XYZ Taiwan rev\u00eatement rail de guidage carr\u00e9<\/div>\n<\/td>\n<\/tr>\n<tr>\n<td colspan=\"1\" rowspan=\"1\">\n<div class=\"magic-11\">Lit<\/div>\n<\/td>\n<td colspan=\"1\" rowspan=\"1\">\n<div class=\"magic-12\">Gros tube carr\u00e9 pour CNC Coupeurs de Plasma<\/div>\n<\/td>\n<\/tr>\n<tr>\n<td colspan=\"1\" rowspan=\"1\">\n<div class=\"magic-11\">Tension<\/div>\n<\/td>\n<td colspan=\"1\" rowspan=\"1\">\n<div class=\"magic-12\">3phase 380V\/50HZ<\/div>\n<\/td>\n<\/tr>\n<tr>\n<td colspan=\"1\" rowspan=\"1\">\n<div class=\"magic-11\">Vis \u00e0 billes<\/div>\n<\/td>\n<td colspan=\"1\" rowspan=\"1\">\n<div class=\"magic-12\">Axe Z Taiwan vis \u00e0 billes TBI<\/div>\n<\/td>\n<\/tr>\n<\/tbody>\n<\/table>\n<\/div>\n<\/div>\n<div class=\"J_module\">\n<div id=\"ali-anchor-AliMagic-i5tswt\" class=\"magic-0\" data-section=\"AliMagic-i5tswt\" data-section-title=\"Details Images\">D\u00e9tails Images<\/div>\n<\/div>\n<div class=\"J_module\">\n<div class=\"icbu-pc-images magic-13\">\n<div>\n<div class=\"flex-layout-v\">\n<div class=\"flex-layout-h magic-13\">\n<div class=\"magic-14\"><img decoding=\"async\" class=\"magic-15\" src=\"https:\/\/sc04.alicdn.com\/kf\/H0b9914fe1fc24ac093ec9634555fc1aa1\/235076741\/H0b9914fe1fc24ac093ec9634555fc1aa1.jpg\" data-src=\"\/\/sc04.alicdn.com\/kf\/H0b9914fe1fc24ac093ec9634555fc1aa1\/235076741\/H0b9914fe1fc24ac093ec9634555fc1aa1.jpg\" \/><\/div>\n<\/div>\n<\/div>\n<\/div>\n<\/div>\n<\/div>\n<div class=\"J_module\">\n<div class=\"icbu-pc-images magic-13\">\n<div>\n<div class=\"flex-layout-v\">\n<div class=\"flex-layout-h magic-13\">\n<div class=\"magic-16\"><img decoding=\"async\" class=\"magic-17\" src=\"https:\/\/sc04.alicdn.com\/kf\/Hc4f1ab7d3fcb4307b44cd858912697acT\/235076741\/Hc4f1ab7d3fcb4307b44cd858912697acT.jpg\" data-src=\"\/\/sc04.alicdn.com\/kf\/Hc4f1ab7d3fcb4307b44cd858912697acT\/235076741\/Hc4f1ab7d3fcb4307b44cd858912697acT.jpg\" \/><\/div>\n<\/div>\n<\/div>\n<\/div>\n<\/div>\n<\/div>\n<div class=\"J_module\">\n<div class=\"icbu-pc-images magic-13\">\n<div>\n<div class=\"flex-layout-v\">\n<div class=\"flex-layout-h magic-13\">\n<div class=\"magic-18\"><img decoding=\"async\" class=\"magic-19\" src=\"https:\/\/sc04.alicdn.com\/kf\/H57e4556851b8461e9b160b412a7ded7ct\/235076741\/H57e4556851b8461e9b160b412a7ded7ct.jpg\" data-src=\"\/\/sc04.alicdn.com\/kf\/H57e4556851b8461e9b160b412a7ded7ct\/235076741\/H57e4556851b8461e9b160b412a7ded7ct.jpg\" \/><\/div>\n<\/div>\n<\/div>\n<\/div>\n<\/div>\n<\/div>\n<div class=\"J_module\">\n<div class=\"icbu-pc-images magic-13\">\n<div>\n<div class=\"flex-layout-v\">\n<div class=\"flex-layout-h magic-13\">\n<div class=\"magic-20\"><img decoding=\"async\" class=\"magic-21\" src=\"https:\/\/sc04.alicdn.com\/kf\/H38745264a8614315a1d53f3450a4c836x\/235076741\/H38745264a8614315a1d53f3450a4c836x.jpg\" data-src=\"\/\/sc04.alicdn.com\/kf\/H38745264a8614315a1d53f3450a4c836x\/235076741\/H38745264a8614315a1d53f3450a4c836x.jpg\" \/><\/div>\n<\/div>\n<\/div>\n<\/div>\n<\/div>\n<\/div>\n<div class=\"J_module\">\n<div class=\"icbu-pc-images magic-13\">\n<div>\n<div class=\"flex-layout-v\">\n<div class=\"flex-layout-h magic-13\">\n<div class=\"magic-22\"><img decoding=\"async\" class=\"magic-23\" src=\"https:\/\/sc04.alicdn.com\/kf\/Hdc5f357baccb420cbf0b75b67992ebdfU\/235076741\/Hdc5f357baccb420cbf0b75b67992ebdfU.jpg\" data-src=\"\/\/sc04.alicdn.com\/kf\/Hdc5f357baccb420cbf0b75b67992ebdfU\/235076741\/Hdc5f357baccb420cbf0b75b67992ebdfU.jpg\" \/><\/div>\n<\/div>\n<\/div>\n<\/div>\n<\/div>\n<\/div>\n<div class=\"J_module\">\n<div class=\"icbu-pc-images magic-13\">\n<div>\n<div class=\"flex-layout-v\">\n<div class=\"flex-layout-h magic-13\">\n<div class=\"magic-24\"><img decoding=\"async\" class=\"magic-25\" src=\"https:\/\/sc04.alicdn.com\/kf\/Hc7f6f196766549078edc2bf25837123dk\/235076741\/Hc7f6f196766549078edc2bf25837123dk.jpg\" data-src=\"\/\/sc04.alicdn.com\/kf\/Hc7f6f196766549078edc2bf25837123dk\/235076741\/Hc7f6f196766549078edc2bf25837123dk.jpg\" \/><\/div>\n<\/div>\n<\/div>\n<\/div>\n<\/div>\n<\/div>\n<div class=\"J_module\">\n<div class=\"icbu-pc-images magic-13\">\n<div>\n<div class=\"flex-layout-v\">\n<div class=\"flex-layout-h magic-13\">\n<div class=\"magic-26\"><img decoding=\"async\" class=\"magic-27\" src=\"https:\/\/sc04.alicdn.com\/kf\/Hcfb9f5dd79c54a7ca5f1908e3b961ce3L\/235076741\/Hcfb9f5dd79c54a7ca5f1908e3b961ce3L.jpg\" data-src=\"\/\/sc04.alicdn.com\/kf\/Hcfb9f5dd79c54a7ca5f1908e3b961ce3L\/235076741\/Hcfb9f5dd79c54a7ca5f1908e3b961ce3L.jpg\" \/><\/div>\n<\/div>\n<\/div>\n<\/div>\n<\/div>\n<\/div>\n<div class=\"J_module\">\n<div id=\"ali-anchor-AliMagic-dcievw\" class=\"magic-0\" data-section=\"AliMagic-dcievw\" data-section-title=\"Sample\">\u00c9chantillon<\/div>\n<\/div>\n<div class=\"J_module\">\n<div class=\"detail-decorate-json-renderer-container\">\n<div class=\"magic-1\">\n<div class=\"magic-2\">\n<div class=\"magic-3\">\n<div class=\"magic-4\"><span class=\"magic-28\">1. Voitures, motos, appareils sous pression, machines chimiques, industrie nucl\u00e9aire, machines g\u00e9n\u00e9rales, machines d&#8217;ing\u00e9nierie, structure en acier, la construction navale et d&#8217;autres industries. Argent, Titane et autres m\u00e9taux t\u00f4le et tube.<br \/>\n2. Panneaux publicitaires, cr\u00e9ation de logo, produits d\u00e9coratifs, production de publicit\u00e9 et une vari\u00e9t\u00e9 de mat\u00e9riaux m\u00e9talliques. Il peut s&#8217;appliquer \u00e0 feuille de fer, la feuille d&#8217;aluminium, la t\u00f4le galvanis\u00e9e, cent plaques en acier plaques de m\u00e9tal.<\/span><\/div>\n<\/div>\n<\/div>\n<\/div>\n<\/div>\n<\/div>\n<div class=\"J_module\">\n<div class=\"icbu-pc-images magic-13\">\n<div>\n<div class=\"flex-layout-v\">\n<div class=\"flex-layout-h magic-13\">\n<div class=\"magic-29\"><img decoding=\"async\" class=\"magic-30\" src=\"https:\/\/sc04.alicdn.com\/kf\/H6afd4063f0694b82bceb83e2e0a90b80Y\/235076741\/H6afd4063f0694b82bceb83e2e0a90b80Y.jpg\" data-src=\"\/\/sc04.alicdn.com\/kf\/H6afd4063f0694b82bceb83e2e0a90b80Y\/235076741\/H6afd4063f0694b82bceb83e2e0a90b80Y.jpg\" \/><\/div>\n<\/div>\n<\/div>\n<\/div>\n<\/div>\n<\/div>\n<div class=\"J_module\">\n<div class=\"icbu-pc-images magic-13\">\n<div>\n<div class=\"flex-layout-v\">\n<div class=\"flex-layout-h magic-13\">\n<div class=\"magic-31\"><img decoding=\"async\" class=\"magic-32\" src=\"https:\/\/sc04.alicdn.com\/kf\/H6195ce01d8164ba89d83fcefe1f49e3bQ\/235076741\/H6195ce01d8164ba89d83fcefe1f49e3bQ.jpg\" data-src=\"\/\/sc04.alicdn.com\/kf\/H6195ce01d8164ba89d83fcefe1f49e3bQ\/235076741\/H6195ce01d8164ba89d83fcefe1f49e3bQ.jpg\" \/><\/div>\n<\/div>\n<\/div>\n<\/div>\n<\/div>\n<\/div>\n<div class=\"J_module\">\n<div class=\"icbu-pc-images magic-13\">\n<div>\n<div class=\"flex-layout-v\">\n<div class=\"flex-layout-h magic-13\">\n<div class=\"magic-33\"><img decoding=\"async\" class=\"magic-34\" src=\"https:\/\/sc04.alicdn.com\/kf\/H1f2ec12aa1994f339a5d924d4fdddb07C\/235076741\/H1f2ec12aa1994f339a5d924d4fdddb07C.jpg\" data-src=\"\/\/sc04.alicdn.com\/kf\/H1f2ec12aa1994f339a5d924d4fdddb07C\/235076741\/H1f2ec12aa1994f339a5d924d4fdddb07C.jpg\" data-spm-anchor-id=\"a2700.wholesale.0.i73.191430cfoQcUZW\" \/><\/div>\n<\/div>\n<\/div>\n<\/div>\n<\/div>\n<\/div>\n<\/div>\n<\/div>\n","protected":false},"excerpt":{"rendered":"<p>1325 1530 63A 100A 120A 160A 200A d\u00e9coupeuse de plasma de commande num\u00e9rique par ordinateur en m\u00e9tal en acier\/machine portative de coupeur de plasma\/1325 cnc plasma Sp\u00e9cification Source de Plasma 63A\/100A\/120A\/160A\/200A Table Sawtoth\/Lame Logiciel Fastcam Syst\u00e8me de contr\u00f4le Starfire syst\u00e8me de contr\u00f4le Rail de guidage Axe XYZ Taiwan rev\u00eatement rail de guidage carr\u00e9 Lit Gros &hellip;<\/p>\n<p class=\"read-more\"> <a class=\"\" href=\"https:\/\/sonacier.com\/index.php\/product\/cnc-plasma-maroc\/\"> <span class=\"screen-reader-text\">cnc plasma maroc<\/span> Read More &raquo;<\/a><\/p>\n","protected":false},"featured_media":4452,"template":"","meta":{"om_disable_all_campaigns":false,"_monsterinsights_skip_tracking":false,"_monsterinsights_sitenote_active":false,"_monsterinsights_sitenote_note":"","_monsterinsights_sitenote_category":0,"site-sidebar-layout":"default","site-content-layout":"","ast-site-content-layout":"default","site-content-style":"default","site-sidebar-style":"default","ast-global-header-display":"","ast-banner-title-visibility":"","ast-main-header-display":"","ast-hfb-above-header-display":"","ast-hfb-below-header-display":"","ast-hfb-mobile-header-display":"","site-post-title":"","ast-breadcrumbs-content":"","ast-featured-img":"","footer-sml-layout":"","theme-transparent-header-meta":"default","adv-header-id-meta":"","stick-header-meta":"","header-above-stick-meta":"","header-main-stick-meta":"","header-below-stick-meta":"","astra-migrate-meta-layouts":"set"},"product_cat":[18],"product_tag":[],"aioseo_notices":[],"_links":{"self":[{"href":"https:\/\/sonacier.com\/index.php\/wp-json\/wp\/v2\/product\/4445"}],"collection":[{"href":"https:\/\/sonacier.com\/index.php\/wp-json\/wp\/v2\/product"}],"about":[{"href":"https:\/\/sonacier.com\/index.php\/wp-json\/wp\/v2\/types\/product"}],"version-history":[{"count":1,"href":"https:\/\/sonacier.com\/index.php\/wp-json\/wp\/v2\/product\/4445\/revisions"}],"predecessor-version":[{"id":4446,"href":"https:\/\/sonacier.com\/index.php\/wp-json\/wp\/v2\/product\/4445\/revisions\/4446"}],"wp:featuredmedia":[{"embeddable":true,"href":"https:\/\/sonacier.com\/index.php\/wp-json\/wp\/v2\/media\/4452"}],"wp:attachment":[{"href":"https:\/\/sonacier.com\/index.php\/wp-json\/wp\/v2\/media?parent=4445"}],"wp:term":[{"taxonomy":"product_cat","embeddable":true,"href":"https:\/\/sonacier.com\/index.php\/wp-json\/wp\/v2\/product_cat?post=4445"},{"taxonomy":"product_tag","embeddable":true,"href":"https:\/\/sonacier.com\/index.php\/wp-json\/wp\/v2\/product_tag?post=4445"}],"curies":[{"name":"wp","href":"https:\/\/api.w.org\/{rel}","templated":true}]}}