{"id":4453,"date":"2023-09-05T14:30:00","date_gmt":"2023-09-05T12:30:00","guid":{"rendered":"https:\/\/sonacier.com\/?post_type=product&#038;p=4453"},"modified":"2023-09-05T14:30:00","modified_gmt":"2023-09-05T12:30:00","slug":"cnc-fiber-laser-maroc","status":"publish","type":"product","link":"https:\/\/sonacier.com\/index.php\/product\/cnc-fiber-laser-maroc\/","title":{"rendered":"cnc fiber laser maroc"},"content":{"rendered":"<h1 data-spm-anchor-id=\"a2700.details.0.i65.76c0106f6VfkIh\">d\u00e9coupeuse CNC Laser maroc, 1000W 2000w et 3000W rapide et haute<\/h1>\n<div id=\"layout-other\" data-aplus-ae=\"x15_2ed5998\" data-spm-anchor-id=\"a2700.details.0.i14.76c0106f6VfkIh\" data-aplus-clk=\"x15_1daa202b\">\n<div id=\"root\">\n<div id=\"module_detail_video\"><\/div>\n<div id=\"module_product_specification\">\n<div id=\"J-rich-text-description\" class=\"richtext richtext-detail rich-text-description is-magic\">\n<div id=\"detail_decorate_root\" data-magic-global=\"%7B%22bizId%22%3A3975264616%2C%22pageId%22%3A21258870707%2C%22siteId%22%3A5005271212%7D\" data-spm-anchor-id=\"a2700.details.0.i66.76c0106f6VfkIh\">\n<div class=\"J_module\">\n<div class=\"icbu-pc-images magic-0\">\n<div>\n<div class=\"flex-layout-v\">\n<div class=\"flex-layout-h magic-0\">\n<div class=\"magic-3\"><img decoding=\"async\" class=\"magic-4\" src=\"https:\/\/sc04.alicdn.com\/kf\/H9c2eb540231c4a1cbcd6bac4b06cdbe9s\/234203290\/H9c2eb540231c4a1cbcd6bac4b06cdbe9s.jpg\" data-src=\"\/\/sc04.alicdn.com\/kf\/H9c2eb540231c4a1cbcd6bac4b06cdbe9s\/234203290\/H9c2eb540231c4a1cbcd6bac4b06cdbe9s.jpg\" \/><\/div>\n<\/div>\n<\/div>\n<\/div>\n<\/div>\n<\/div>\n<div class=\"J_module\">\n<div class=\"icbu-pc-images magic-0\">\n<div>\n<div class=\"flex-layout-v\">\n<div class=\"flex-layout-h magic-0\">\n<div class=\"magic-5\"><img decoding=\"async\" class=\"magic-6\" src=\"https:\/\/sc04.alicdn.com\/kf\/Hfe36728b398e4171856cecfabc0287e2a\/234203290\/Hfe36728b398e4171856cecfabc0287e2a.jpg\" data-src=\"\/\/sc04.alicdn.com\/kf\/Hfe36728b398e4171856cecfabc0287e2a\/234203290\/Hfe36728b398e4171856cecfabc0287e2a.jpg\" \/><\/div>\n<\/div>\n<\/div>\n<\/div>\n<\/div>\n<\/div>\n<div class=\"J_module\">\n<div class=\"icbu-pc-images magic-0\">\n<div>\n<div class=\"flex-layout-v\">\n<div class=\"flex-layout-h magic-0\">\n<div class=\"magic-5\"><img decoding=\"async\" class=\"magic-6\" src=\"https:\/\/sc04.alicdn.com\/kf\/Hfe36728b398e4171856cecfabc0287e2a\/234203290\/Hfe36728b398e4171856cecfabc0287e2a.jpg\" data-src=\"\/\/sc04.alicdn.com\/kf\/Hfe36728b398e4171856cecfabc0287e2a\/234203290\/Hfe36728b398e4171856cecfabc0287e2a.jpg\" \/><\/div>\n<\/div>\n<\/div>\n<\/div>\n<\/div>\n<\/div>\n<div class=\"J_module\">\n<div class=\"icbu-pc-images magic-0\">\n<div>\n<div class=\"flex-layout-v\">\n<div class=\"flex-layout-h magic-0\">\n<div class=\"magic-7\"><img decoding=\"async\" class=\"magic-8\" src=\"https:\/\/sc04.alicdn.com\/kf\/Hea32c4e739ee4067b5550af50d8e3c0c0\/234203290\/Hea32c4e739ee4067b5550af50d8e3c0c0.jpg\" data-src=\"\/\/sc04.alicdn.com\/kf\/Hea32c4e739ee4067b5550af50d8e3c0c0\/234203290\/Hea32c4e739ee4067b5550af50d8e3c0c0.jpg\" \/><\/div>\n<\/div>\n<\/div>\n<\/div>\n<\/div>\n<\/div>\n<div class=\"J_module\">\n<div class=\"icbu-pc-images magic-0\">\n<div>\n<div class=\"flex-layout-v\">\n<div class=\"flex-layout-h magic-0\">\n<div class=\"magic-9\"><img decoding=\"async\" class=\"magic-10\" src=\"https:\/\/sc04.alicdn.com\/kf\/Hcea0d8545f1f4b4ca052643bd4296febq\/234203290\/Hcea0d8545f1f4b4ca052643bd4296febq.jpg\" data-src=\"\/\/sc04.alicdn.com\/kf\/Hcea0d8545f1f4b4ca052643bd4296febq\/234203290\/Hcea0d8545f1f4b4ca052643bd4296febq.jpg\" \/><\/div>\n<\/div>\n<\/div>\n<\/div>\n<\/div>\n<\/div>\n<div class=\"J_module\">\n<div class=\"icbu-pc-images magic-0\">\n<div>\n<div class=\"flex-layout-v\">\n<div class=\"flex-layout-h magic-0\">\n<div class=\"magic-11\"><img decoding=\"async\" class=\"magic-12\" src=\"https:\/\/sc04.alicdn.com\/kf\/H7318d33895a64dbea1e96f6efabfd5e6N\/234203290\/H7318d33895a64dbea1e96f6efabfd5e6N.jpg\" data-src=\"\/\/sc04.alicdn.com\/kf\/H7318d33895a64dbea1e96f6efabfd5e6N\/234203290\/H7318d33895a64dbea1e96f6efabfd5e6N.jpg\" \/><\/div>\n<\/div>\n<\/div>\n<\/div>\n<\/div>\n<\/div>\n<div class=\"J_module\">\n<div class=\"icbu-pc-images magic-0\">\n<div>\n<div class=\"flex-layout-v\">\n<div class=\"flex-layout-h magic-0\">\n<div class=\"magic-13\"><img decoding=\"async\" class=\"magic-14\" src=\"https:\/\/sc04.alicdn.com\/kf\/H2dfbccfb5d104849a00f132843ca4266O\/234203290\/H2dfbccfb5d104849a00f132843ca4266O.jpg\" data-src=\"\/\/sc04.alicdn.com\/kf\/H2dfbccfb5d104849a00f132843ca4266O\/234203290\/H2dfbccfb5d104849a00f132843ca4266O.jpg\" \/><\/div>\n<\/div>\n<\/div>\n<\/div>\n<\/div>\n<\/div>\n<div class=\"J_module\">\n<div class=\"icbu-pc-images magic-0\">\n<div>\n<div class=\"flex-layout-v\">\n<div class=\"flex-layout-h magic-0\">\n<div class=\"magic-15\"><img decoding=\"async\" class=\"magic-16\" src=\"https:\/\/sc04.alicdn.com\/kf\/H739b55788c344d169b6b11c0db519b73R\/234203290\/H739b55788c344d169b6b11c0db519b73R.jpg\" data-src=\"\/\/sc04.alicdn.com\/kf\/H739b55788c344d169b6b11c0db519b73R\/234203290\/H739b55788c344d169b6b11c0db519b73R.jpg\" \/><\/div>\n<\/div>\n<\/div>\n<\/div>\n<\/div>\n<\/div>\n<div class=\"J_module\">\n<div class=\"icbu-pc-images magic-0\">\n<div>\n<div class=\"flex-layout-v\">\n<div class=\"flex-layout-h magic-0\">\n<div class=\"magic-17\"><img decoding=\"async\" class=\"magic-18\" src=\"https:\/\/sc04.alicdn.com\/kf\/H46699e77d99f479b9b5c40f82d6af61b3\/234203290\/H46699e77d99f479b9b5c40f82d6af61b3.jpg\" data-src=\"\/\/sc04.alicdn.com\/kf\/H46699e77d99f479b9b5c40f82d6af61b3\/234203290\/H46699e77d99f479b9b5c40f82d6af61b3.jpg\" \/><\/div>\n<\/div>\n<\/div>\n<\/div>\n<\/div>\n<\/div>\n<div class=\"J_module\">\n<div class=\"icbu-pc-images magic-0\">\n<div>\n<div class=\"flex-layout-v\">\n<div class=\"flex-layout-h magic-0\">\n<div class=\"magic-19\"><img decoding=\"async\" class=\"magic-20\" src=\"https:\/\/sc04.alicdn.com\/kf\/H5dc7c2af809a48399b0f7a71a3b9b294c\/234203290\/H5dc7c2af809a48399b0f7a71a3b9b294c.jpg\" data-src=\"\/\/sc04.alicdn.com\/kf\/H5dc7c2af809a48399b0f7a71a3b9b294c\/234203290\/H5dc7c2af809a48399b0f7a71a3b9b294c.jpg\" \/><\/div>\n<\/div>\n<\/div>\n<\/div>\n<\/div>\n<\/div>\n<div class=\"J_module\">\n<div class=\"icbu-pc-images magic-0\">\n<div>\n<div class=\"flex-layout-v\">\n<div class=\"flex-layout-h magic-0\">\n<div class=\"magic-21\"><img decoding=\"async\" class=\"magic-22\" src=\"https:\/\/sc04.alicdn.com\/kf\/Hd43d6128d7324f43948a872605666992e\/234203290\/Hd43d6128d7324f43948a872605666992e.jpg\" data-src=\"\/\/sc04.alicdn.com\/kf\/Hd43d6128d7324f43948a872605666992e\/234203290\/Hd43d6128d7324f43948a872605666992e.jpg\" \/><\/div>\n<\/div>\n<\/div>\n<\/div>\n<\/div>\n<\/div>\n<div class=\"J_module\">\n<div class=\"detail-decorate-json-renderer-container\">\n<div class=\"magic-23\">\n<div class=\"magic-24\">\n<div class=\"magic-25\">\n<div class=\"magic-26\"><b class=\"magic-27\"><span class=\"magic-28\" style=\"color: #ffffff;\" data-spm-anchor-id=\"a2700.details.0.i69.76c0106f6VfkIh\">La vid\u00e9o de la machine de d\u00e9coupe laser \u00e0 fibre coupant le m\u00e9tal<\/span><\/b><\/div>\n<\/div>\n<\/div>\n<\/div>\n<\/div>\n<\/div>\n<div class=\"J_module\">\n<div id=\"ali-anchor-AliMagic-njk5t1\" class=\"magic-29\" data-section=\"AliMagic-njk5t1\" data-section-title=\"Parameters\">Param\u00e8tres<\/div>\n<\/div>\n<div class=\"J_module\">\n<div class=\"ife-detail-decorate-table\">\n<table class=\"hight-light-first-column all magic-30\">\n<tbody>\n<tr>\n<td colspan=\"1\" rowspan=\"1\">\n<div class=\"magic-31\">1.<\/div>\n<\/td>\n<td colspan=\"1\" rowspan=\"1\">\n<div class=\"magic-32\">Mod\u00e8le<\/div>\n<\/td>\n<td colspan=\"1\" rowspan=\"1\">\n<div class=\"magic-33\">S\u00e9rie LX3015DH<\/div>\n<\/td>\n<\/tr>\n<tr>\n<td colspan=\"1\" rowspan=\"1\">\n<div class=\"magic-31\">2<\/div>\n<\/td>\n<td colspan=\"1\" rowspan=\"1\">\n<div class=\"magic-32\">Zone de travail de coupe<\/div>\n<\/td>\n<td colspan=\"1\" rowspan=\"1\">\n<div class=\"magic-33\">3000x1500mm<\/div>\n<\/td>\n<\/tr>\n<tr>\n<td colspan=\"1\" rowspan=\"1\">\n<div class=\"magic-31\">3<\/div>\n<\/td>\n<td colspan=\"1\" rowspan=\"1\">\n<div class=\"magic-32\">G\u00e9n\u00e9rateur laser<\/div>\n<\/td>\n<td colspan=\"1\" rowspan=\"1\">\n<div class=\"magic-33\">Raycus \/ IPG \/MAX<\/div>\n<\/td>\n<\/tr>\n<tr>\n<td colspan=\"1\" rowspan=\"1\">\n<div class=\"magic-31\">4<\/div>\n<\/td>\n<td colspan=\"1\" rowspan=\"1\">\n<div class=\"magic-32\">Syst\u00e8me de transmission<\/div>\n<\/td>\n<td colspan=\"1\" rowspan=\"1\">\n<div class=\"magic-33\">Engrenage + rails<\/div>\n<\/td>\n<\/tr>\n<tr>\n<td colspan=\"1\" rowspan=\"1\">\n<div class=\"magic-31\">5<\/div>\n<\/td>\n<td colspan=\"1\" rowspan=\"1\">\n<div class=\"magic-32\">Puissance laser fibre<\/div>\n<\/td>\n<td colspan=\"1\" rowspan=\"1\">\n<div class=\"magic-33\">1000W 2000w 3000w<\/div>\n<\/td>\n<\/tr>\n<tr>\n<td colspan=\"1\" rowspan=\"1\">\n<div class=\"magic-31\">6<\/div>\n<\/td>\n<td colspan=\"1\" rowspan=\"1\">\n<div class=\"magic-32\">Pr\u00e9cision de localisation de l&#8217;axe X.Y<\/div>\n<\/td>\n<td colspan=\"1\" rowspan=\"1\">\n<div class=\"magic-33\">\u00b1 0.01mm<\/div>\n<\/td>\n<\/tr>\n<tr>\n<td colspan=\"1\" rowspan=\"1\">\n<div class=\"magic-31\">7<\/div>\n<\/td>\n<td colspan=\"1\" rowspan=\"1\">\n<div class=\"magic-32\">Pr\u00e9cision de la localisation de r\u00e9p\u00e9tition de l&#8217;axe X.Y<\/div>\n<\/td>\n<td colspan=\"1\" rowspan=\"1\">\n<div class=\"magic-33\">\u00b1 0.01mm<\/div>\n<\/td>\n<\/tr>\n<tr>\n<td colspan=\"1\" rowspan=\"1\">\n<div class=\"magic-31\">8<\/div>\n<\/td>\n<td colspan=\"1\" rowspan=\"1\">\n<div class=\"magic-32\" data-spm-anchor-id=\"a2700.details.0.i74.76c0106f6VfkIh\">Vitesse de d\u00e9placement maximale de l&#8217;axe X.Y<\/div>\n<\/td>\n<td colspan=\"1\" rowspan=\"1\">\n<div class=\"magic-33\">120 m\/min<\/div>\n<\/td>\n<\/tr>\n<tr>\n<td colspan=\"1\" rowspan=\"1\">\n<div class=\"magic-31\">9<\/div>\n<\/td>\n<td colspan=\"1\" rowspan=\"1\">\n<div class=\"magic-32\">Longueur d&#8217;onde laser<\/div>\n<\/td>\n<td colspan=\"1\" rowspan=\"1\">\n<div class=\"magic-33\">1064nm<\/div>\n<\/td>\n<\/tr>\n<tr>\n<td colspan=\"1\" rowspan=\"1\">\n<div class=\"magic-31\">10<\/div>\n<\/td>\n<td colspan=\"1\" rowspan=\"1\">\n<div class=\"magic-32\">Couleur machine<\/div>\n<\/td>\n<td colspan=\"1\" rowspan=\"1\">\n<div class=\"magic-33\">Support sur mesure<\/div>\n<\/td>\n<\/tr>\n<tr>\n<td colspan=\"1\" rowspan=\"1\">\n<div class=\"magic-31\">11<\/div>\n<\/td>\n<td colspan=\"1\" rowspan=\"1\">\n<div class=\"magic-32\">Poids brut<\/div>\n<\/td>\n<td colspan=\"1\" rowspan=\"1\">\n<div class=\"magic-33\">3500KG<\/div>\n<\/td>\n<\/tr>\n<tr>\n<td colspan=\"1\" rowspan=\"1\">\n<div class=\"magic-31\">12<\/div>\n<\/td>\n<td colspan=\"1\" rowspan=\"1\">\n<div class=\"magic-32\">Garantie de machine<\/div>\n<\/td>\n<td colspan=\"1\" rowspan=\"1\">\n<div class=\"magic-33\">2 ann\u00e9es<\/div>\n<\/td>\n<\/tr>\n<\/tbody>\n<\/table>\n<\/div>\n<\/div>\n<\/div>\n<\/div>\n<\/div>\n<\/div>\n<\/div>\n","protected":false},"excerpt":{"rendered":"<p>d\u00e9coupeuse CNC Laser maroc, 1000W 2000w et 3000W rapide et haute La vid\u00e9o de la machine de d\u00e9coupe laser \u00e0 fibre coupant le m\u00e9tal Param\u00e8tres 1. Mod\u00e8le S\u00e9rie LX3015DH 2 Zone de travail de coupe 3000x1500mm 3 G\u00e9n\u00e9rateur laser Raycus \/ IPG \/MAX 4 Syst\u00e8me de transmission Engrenage + rails 5 Puissance laser fibre 1000W &hellip;<\/p>\n<p class=\"read-more\"> <a class=\"\" href=\"https:\/\/sonacier.com\/index.php\/product\/cnc-fiber-laser-maroc\/\"> <span class=\"screen-reader-text\">cnc fiber laser maroc<\/span> Read More &raquo;<\/a><\/p>\n","protected":false},"featured_media":4454,"template":"","meta":{"om_disable_all_campaigns":false,"_monsterinsights_skip_tracking":false,"_monsterinsights_sitenote_active":false,"_monsterinsights_sitenote_note":"","_monsterinsights_sitenote_category":0,"site-sidebar-layout":"default","site-content-layout":"","ast-site-content-layout":"default","site-content-style":"default","site-sidebar-style":"default","ast-global-header-display":"","ast-banner-title-visibility":"","ast-main-header-display":"","ast-hfb-above-header-display":"","ast-hfb-below-header-display":"","ast-hfb-mobile-header-display":"","site-post-title":"","ast-breadcrumbs-content":"","ast-featured-img":"","footer-sml-layout":"","theme-transparent-header-meta":"default","adv-header-id-meta":"","stick-header-meta":"","header-above-stick-meta":"","header-main-stick-meta":"","header-below-stick-meta":"","astra-migrate-meta-layouts":"set"},"product_cat":[18],"product_tag":[],"aioseo_notices":[],"_links":{"self":[{"href":"https:\/\/sonacier.com\/index.php\/wp-json\/wp\/v2\/product\/4453"}],"collection":[{"href":"https:\/\/sonacier.com\/index.php\/wp-json\/wp\/v2\/product"}],"about":[{"href":"https:\/\/sonacier.com\/index.php\/wp-json\/wp\/v2\/types\/product"}],"version-history":[{"count":1,"href":"https:\/\/sonacier.com\/index.php\/wp-json\/wp\/v2\/product\/4453\/revisions"}],"predecessor-version":[{"id":4455,"href":"https:\/\/sonacier.com\/index.php\/wp-json\/wp\/v2\/product\/4453\/revisions\/4455"}],"wp:featuredmedia":[{"embeddable":true,"href":"https:\/\/sonacier.com\/index.php\/wp-json\/wp\/v2\/media\/4454"}],"wp:attachment":[{"href":"https:\/\/sonacier.com\/index.php\/wp-json\/wp\/v2\/media?parent=4453"}],"wp:term":[{"taxonomy":"product_cat","embeddable":true,"href":"https:\/\/sonacier.com\/index.php\/wp-json\/wp\/v2\/product_cat?post=4453"},{"taxonomy":"product_tag","embeddable":true,"href":"https:\/\/sonacier.com\/index.php\/wp-json\/wp\/v2\/product_tag?post=4453"}],"curies":[{"name":"wp","href":"https:\/\/api.w.org\/{rel}","templated":true}]}}